{"id":8790,"date":"2022-04-11T11:29:04","date_gmt":"2022-04-11T09:29:04","guid":{"rendered":"https:\/\/meisystem.com\/borda-da-lente\/plano-solar\/"},"modified":"2023-09-08T16:01:58","modified_gmt":"2023-09-08T14:01:58","slug":"lentes-planas-e-solares","status":"publish","type":"page","link":"https:\/\/meisystem.com\/pt-br\/corte-de-lentes\/lentes-planas-e-solares\/","title":{"rendered":"Lentes planas e solares"},"content":{"rendered":"\r\n<p>Solu\u00e7\u00f5es de corte para m\u00e1scaras, \u00f3culos de sol e lentes de demonstra\u00e7\u00e3o, perfeitas para f\u00e1bricas que buscam fornecer produtos de qualidade com rapidez ao mercado.<\/p>\r\n\r\n\r\n\r\n<p>&nbsp;<\/p>\r\n","protected":false},"excerpt":{"rendered":"<p>Solu\u00e7\u00f5es de corte para m\u00e1scaras, \u00f3culos de sol e lentes de demonstra\u00e7\u00e3o, perfeitas para f\u00e1bricas que buscam fornecer produtos de qualidade com rapidez ao mercado. &nbsp;<\/p>\n","protected":false},"author":4,"featured_media":8078,"parent":8733,"menu_order":0,"comment_status":"closed","ping_status":"closed","template":"template-archive.php","meta":{"_acf_changed":false,"footnotes":""},"class_list":["post-8790","page","type-page","status-publish","has-post-thumbnail","hentry"],"acf":[],"yoast_head":"<!-- This site is optimized with the Yoast SEO plugin v26.3 - https:\/\/yoast.com\/wordpress\/plugins\/seo\/ -->\n<title>Lentes planas e solares - Mei System<\/title>\n<meta name=\"description\" content=\"Solu\u00e7\u00f5es de corte para m\u00e1scaras, \u00f3culos de sol e lentes de demonstra\u00e7\u00e3o, perfeitas para f\u00e1bricas que buscam fornecer produtos de qualidade com rapidez ao\" \/>\n<meta name=\"robots\" content=\"index, follow, max-snippet:-1, max-image-preview:large, max-video-preview:-1\" \/>\n<link rel=\"canonical\" href=\"https:\/\/meisystem.com\/pt-br\/corte-de-lentes\/lentes-planas-e-solares\/\" \/>\n<meta property=\"og:locale\" content=\"pt_BR\" \/>\n<meta property=\"og:type\" content=\"article\" \/>\n<meta property=\"og:title\" content=\"Lentes planas e solares - Mei System\" \/>\n<meta property=\"og:description\" content=\"Solu\u00e7\u00f5es de corte para m\u00e1scaras, \u00f3culos de sol e lentes de demonstra\u00e7\u00e3o, perfeitas para f\u00e1bricas que buscam fornecer produtos de qualidade com rapidez ao\" \/>\n<meta property=\"og:url\" content=\"https:\/\/meisystem.com\/pt-br\/corte-de-lentes\/lentes-planas-e-solares\/\" \/>\n<meta property=\"og:site_name\" content=\"Mei System\" \/>\n<meta property=\"article:modified_time\" content=\"2023-09-08T14:01:58+00:00\" \/>\n<meta property=\"og:image\" content=\"https:\/\/meisystem.com\/wp-content\/uploads\/2022\/12\/MEI-hero-archivio-scaled.jpg\" \/>\n\t<meta property=\"og:image:width\" content=\"2560\" \/>\n\t<meta property=\"og:image:height\" content=\"512\" \/>\n\t<meta property=\"og:image:type\" content=\"image\/jpeg\" \/>\n<meta name=\"twitter:card\" content=\"summary_large_image\" \/>\n<meta name=\"twitter:label1\" content=\"Est. reading time\" \/>\n\t<meta name=\"twitter:data1\" content=\"1 minute\" \/>\n<script type=\"application\/ld+json\" class=\"yoast-schema-graph\">{\"@context\":\"https:\/\/schema.org\",\"@graph\":[{\"@type\":\"WebPage\",\"@id\":\"https:\/\/meisystem.com\/pt-br\/corte-de-lentes\/lentes-planas-e-solares\/\",\"url\":\"https:\/\/meisystem.com\/pt-br\/corte-de-lentes\/lentes-planas-e-solares\/\",\"name\":\"Lentes planas e solares - Mei System\",\"isPartOf\":{\"@id\":\"https:\/\/meisystem.com\/#website\"},\"primaryImageOfPage\":{\"@id\":\"https:\/\/meisystem.com\/pt-br\/corte-de-lentes\/lentes-planas-e-solares\/#primaryimage\"},\"image\":{\"@id\":\"https:\/\/meisystem.com\/pt-br\/corte-de-lentes\/lentes-planas-e-solares\/#primaryimage\"},\"thumbnailUrl\":\"https:\/\/meisystem.com\/wp-content\/uploads\/2022\/12\/MEI-hero-archivio-scaled.jpg\",\"datePublished\":\"2022-04-11T09:29:04+00:00\",\"dateModified\":\"2023-09-08T14:01:58+00:00\",\"description\":\"Solu\u00e7\u00f5es de corte para m\u00e1scaras, \u00f3culos de sol e lentes de demonstra\u00e7\u00e3o, perfeitas para f\u00e1bricas que buscam fornecer produtos de qualidade com rapidez ao\",\"breadcrumb\":{\"@id\":\"https:\/\/meisystem.com\/pt-br\/corte-de-lentes\/lentes-planas-e-solares\/#breadcrumb\"},\"inLanguage\":\"pt-BR\",\"potentialAction\":[{\"@type\":\"ReadAction\",\"target\":[\"https:\/\/meisystem.com\/pt-br\/corte-de-lentes\/lentes-planas-e-solares\/\"]}]},{\"@type\":\"ImageObject\",\"inLanguage\":\"pt-BR\",\"@id\":\"https:\/\/meisystem.com\/pt-br\/corte-de-lentes\/lentes-planas-e-solares\/#primaryimage\",\"url\":\"https:\/\/meisystem.com\/wp-content\/uploads\/2022\/12\/MEI-hero-archivio-scaled.jpg\",\"contentUrl\":\"https:\/\/meisystem.com\/wp-content\/uploads\/2022\/12\/MEI-hero-archivio-scaled.jpg\",\"width\":2560,\"height\":512},{\"@type\":\"BreadcrumbList\",\"@id\":\"https:\/\/meisystem.com\/pt-br\/corte-de-lentes\/lentes-planas-e-solares\/#breadcrumb\",\"itemListElement\":[{\"@type\":\"ListItem\",\"position\":1,\"name\":\"Home\",\"item\":\"https:\/\/meisystem.com\/pt-br\/\"},{\"@type\":\"ListItem\",\"position\":2,\"name\":\"Corte de lentes\",\"item\":\"https:\/\/meisystem.com\/pt-br\/corte-de-lentes\/\"},{\"@type\":\"ListItem\",\"position\":3,\"name\":\"Lentes planas e solares\"}]},{\"@type\":\"WebSite\",\"@id\":\"https:\/\/meisystem.com\/#website\",\"url\":\"https:\/\/meisystem.com\/\",\"name\":\"Mei System\",\"description\":\"O l\u00edder global em m\u00e1quinas de bordar lentes.\",\"potentialAction\":[{\"@type\":\"SearchAction\",\"target\":{\"@type\":\"EntryPoint\",\"urlTemplate\":\"https:\/\/meisystem.com\/?s={search_term_string}\"},\"query-input\":{\"@type\":\"PropertyValueSpecification\",\"valueRequired\":true,\"valueName\":\"search_term_string\"}}],\"inLanguage\":\"pt-BR\"}]}<\/script>\n<!-- \/ Yoast SEO plugin. -->","yoast_head_json":{"title":"Lentes planas e solares - Mei System","description":"Solu\u00e7\u00f5es de corte para m\u00e1scaras, \u00f3culos de sol e lentes de demonstra\u00e7\u00e3o, perfeitas para f\u00e1bricas que buscam fornecer produtos de qualidade com rapidez ao","robots":{"index":"index","follow":"follow","max-snippet":"max-snippet:-1","max-image-preview":"max-image-preview:large","max-video-preview":"max-video-preview:-1"},"canonical":"https:\/\/meisystem.com\/pt-br\/corte-de-lentes\/lentes-planas-e-solares\/","og_locale":"pt_BR","og_type":"article","og_title":"Lentes planas e solares - Mei System","og_description":"Solu\u00e7\u00f5es de corte para m\u00e1scaras, \u00f3culos de sol e lentes de demonstra\u00e7\u00e3o, perfeitas para f\u00e1bricas que buscam fornecer produtos de qualidade com rapidez ao","og_url":"https:\/\/meisystem.com\/pt-br\/corte-de-lentes\/lentes-planas-e-solares\/","og_site_name":"Mei System","article_modified_time":"2023-09-08T14:01:58+00:00","og_image":[{"width":2560,"height":512,"url":"https:\/\/meisystem.com\/wp-content\/uploads\/2022\/12\/MEI-hero-archivio-scaled.jpg","type":"image\/jpeg"}],"twitter_card":"summary_large_image","twitter_misc":{"Est. reading time":"1 minute"},"schema":{"@context":"https:\/\/schema.org","@graph":[{"@type":"WebPage","@id":"https:\/\/meisystem.com\/pt-br\/corte-de-lentes\/lentes-planas-e-solares\/","url":"https:\/\/meisystem.com\/pt-br\/corte-de-lentes\/lentes-planas-e-solares\/","name":"Lentes planas e solares - Mei System","isPartOf":{"@id":"https:\/\/meisystem.com\/#website"},"primaryImageOfPage":{"@id":"https:\/\/meisystem.com\/pt-br\/corte-de-lentes\/lentes-planas-e-solares\/#primaryimage"},"image":{"@id":"https:\/\/meisystem.com\/pt-br\/corte-de-lentes\/lentes-planas-e-solares\/#primaryimage"},"thumbnailUrl":"https:\/\/meisystem.com\/wp-content\/uploads\/2022\/12\/MEI-hero-archivio-scaled.jpg","datePublished":"2022-04-11T09:29:04+00:00","dateModified":"2023-09-08T14:01:58+00:00","description":"Solu\u00e7\u00f5es de corte para m\u00e1scaras, \u00f3culos de sol e lentes de demonstra\u00e7\u00e3o, perfeitas para f\u00e1bricas que buscam fornecer produtos de qualidade com rapidez ao","breadcrumb":{"@id":"https:\/\/meisystem.com\/pt-br\/corte-de-lentes\/lentes-planas-e-solares\/#breadcrumb"},"inLanguage":"pt-BR","potentialAction":[{"@type":"ReadAction","target":["https:\/\/meisystem.com\/pt-br\/corte-de-lentes\/lentes-planas-e-solares\/"]}]},{"@type":"ImageObject","inLanguage":"pt-BR","@id":"https:\/\/meisystem.com\/pt-br\/corte-de-lentes\/lentes-planas-e-solares\/#primaryimage","url":"https:\/\/meisystem.com\/wp-content\/uploads\/2022\/12\/MEI-hero-archivio-scaled.jpg","contentUrl":"https:\/\/meisystem.com\/wp-content\/uploads\/2022\/12\/MEI-hero-archivio-scaled.jpg","width":2560,"height":512},{"@type":"BreadcrumbList","@id":"https:\/\/meisystem.com\/pt-br\/corte-de-lentes\/lentes-planas-e-solares\/#breadcrumb","itemListElement":[{"@type":"ListItem","position":1,"name":"Home","item":"https:\/\/meisystem.com\/pt-br\/"},{"@type":"ListItem","position":2,"name":"Corte de lentes","item":"https:\/\/meisystem.com\/pt-br\/corte-de-lentes\/"},{"@type":"ListItem","position":3,"name":"Lentes planas e solares"}]},{"@type":"WebSite","@id":"https:\/\/meisystem.com\/#website","url":"https:\/\/meisystem.com\/","name":"Mei System","description":"O l\u00edder global em m\u00e1quinas de bordar lentes.","potentialAction":[{"@type":"SearchAction","target":{"@type":"EntryPoint","urlTemplate":"https:\/\/meisystem.com\/?s={search_term_string}"},"query-input":{"@type":"PropertyValueSpecification","valueRequired":true,"valueName":"search_term_string"}}],"inLanguage":"pt-BR"}]}},"_links":{"self":[{"href":"https:\/\/meisystem.com\/pt-br\/wp-json\/wp\/v2\/pages\/8790","targetHints":{"allow":["GET"]}}],"collection":[{"href":"https:\/\/meisystem.com\/pt-br\/wp-json\/wp\/v2\/pages"}],"about":[{"href":"https:\/\/meisystem.com\/pt-br\/wp-json\/wp\/v2\/types\/page"}],"author":[{"embeddable":true,"href":"https:\/\/meisystem.com\/pt-br\/wp-json\/wp\/v2\/users\/4"}],"replies":[{"embeddable":true,"href":"https:\/\/meisystem.com\/pt-br\/wp-json\/wp\/v2\/comments?post=8790"}],"version-history":[{"count":2,"href":"https:\/\/meisystem.com\/pt-br\/wp-json\/wp\/v2\/pages\/8790\/revisions"}],"predecessor-version":[{"id":8792,"href":"https:\/\/meisystem.com\/pt-br\/wp-json\/wp\/v2\/pages\/8790\/revisions\/8792"}],"up":[{"embeddable":true,"href":"https:\/\/meisystem.com\/pt-br\/wp-json\/wp\/v2\/pages\/8733"}],"wp:featuredmedia":[{"embeddable":true,"href":"https:\/\/meisystem.com\/pt-br\/wp-json\/wp\/v2\/media\/8078"}],"wp:attachment":[{"href":"https:\/\/meisystem.com\/pt-br\/wp-json\/wp\/v2\/media?parent=8790"}],"curies":[{"name":"wp","href":"https:\/\/api.w.org\/{rel}","templated":true}]}}